{"id":677,"date":"2017-05-31T14:54:04","date_gmt":"2017-05-31T14:54:04","guid":{"rendered":"https:\/\/tiasuca.com\/?page_id=677"},"modified":"2017-06-01T14:25:27","modified_gmt":"2017-06-01T14:25:27","slug":"servicio-traduccion","status":"publish","type":"page","link":"https:\/\/tiasuca.com\/?page_id=677","title":{"rendered":"Servicio traducci\u00f3n"},"content":{"rendered":"<p style=\"text-align: justify;\">El Servicio de <strong>Traducci\u00f3n TIASUCA en BADAJOZ<\/strong> ofrece asistencia tanto de traducci\u00f3n directa e inversa como de revisi\u00f3n de todo tipo de textos: art\u00edculos, conferencias, res\u00famenes, folletos, p\u00e1ginas web, etc. \u00a0A su vez, TIASUCA, ofrece el servicio de traductores e int\u00e9rpretes.<\/p>\n<h4>Lenguas<\/h4>\n<p>ingl\u00e9s y espa\u00f1ol.<\/p>\n<p><strong>Precios<\/strong><\/p>\n<p>Consultar. Depende de la extensi\u00f3n del documento o servicio.<\/p>\n<p>Telf: 678 475 184<br \/>\nCorreo electr\u00f3nico:\u00a0<a href=\"mailto:chico@tiasuca.com\">chico@tiasuca.com<\/a><span class=\"apple-converted-space\">\u00a0<\/span><a href=\"mailto:info@tiasuca.com\">info@tiasuca.com<\/a><\/p>\n<p>&nbsp;<\/p>\n","protected":false},"excerpt":{"rendered":"<p>El Servicio de Traducci\u00f3n TIASUCA en BADAJOZ ofrece asistencia tanto de traducci\u00f3n directa e inversa como de revisi\u00f3n de todo tipo de textos: art\u00edculos, conferencias, res\u00famenes, folletos, p\u00e1ginas web, etc. \u00a0A su vez, TIASUCA, ofrece el servicio de traductores e int\u00e9rpretes. Lenguas ingl\u00e9s y espa\u00f1ol. Precios Consultar. Depende de la extensi\u00f3n del documento o servicio. [&#8230;]<\/p>\n","protected":false},"author":1,"featured_media":0,"parent":0,"menu_order":0,"comment_status":"closed","ping_status":"closed","template":"","meta":[],"_links":{"self":[{"href":"https:\/\/tiasuca.com\/index.php?rest_route=\/wp\/v2\/pages\/677"}],"collection":[{"href":"https:\/\/tiasuca.com\/index.php?rest_route=\/wp\/v2\/pages"}],"about":[{"href":"https:\/\/tiasuca.com\/index.php?rest_route=\/wp\/v2\/types\/page"}],"author":[{"embeddable":true,"href":"https:\/\/tiasuca.com\/index.php?rest_route=\/wp\/v2\/users\/1"}],"replies":[{"embeddable":true,"href":"https:\/\/tiasuca.com\/index.php?rest_route=%2Fwp%2Fv2%2Fcomments&post=677"}],"version-history":[{"count":6,"href":"https:\/\/tiasuca.com\/index.php?rest_route=\/wp\/v2\/pages\/677\/revisions"}],"predecessor-version":[{"id":689,"href":"https:\/\/tiasuca.com\/index.php?rest_route=\/wp\/v2\/pages\/677\/revisions\/689"}],"wp:attachment":[{"href":"https:\/\/tiasuca.com\/index.php?rest_route=%2Fwp%2Fv2%2Fmedia&parent=677"}],"curies":[{"name":"wp","href":"https:\/\/api.w.org\/{rel}","templated":true}]}}