{"id":48,"date":"2013-07-12T10:47:35","date_gmt":"2013-07-12T10:47:35","guid":{"rendered":"https:\/\/tiasuca.com\/?page_id=48"},"modified":"2024-03-24T12:42:31","modified_gmt":"2024-03-24T12:42:31","slug":"cursos-de-ingles-en-badajoz","status":"publish","type":"page","link":"https:\/\/tiasuca.com\/?page_id=48","title":{"rendered":"Cursos de Ingl\u00e9s en Badajoz"},"content":{"rendered":"<p style=\"text-align: justify;\"><a href=\"https:\/\/tiasuca.com\/?attachment_id=613\" rel=\"attachment wp-att-613\"><img loading=\"lazy\" class=\"wp-image-613 alignleft\" src=\"https:\/\/tiasuca.com\/wp-content\/uploads\/2017\/03\/descarga-1.jpg\" alt=\"descarga\" width=\"260\" height=\"260\" srcset=\"https:\/\/tiasuca.com\/wp-content\/uploads\/2017\/03\/descarga-1.jpg 225w, https:\/\/tiasuca.com\/wp-content\/uploads\/2017\/03\/descarga-1-150x150.jpg 150w\" sizes=\"(max-width: 260px) 100vw, 260px\" \/><\/a><br \/>\nEn <strong><em><span style=\"color: #008000;\">tiasuca<\/span><\/em><\/strong> podr\u00e1 aprender ingl\u00e9s en Badajoz por medio de nuestros cursos de ingl\u00e9s. Nuestra orientaci\u00f3n de los cursos de ingl\u00e9s hacia ni\u00f1os, j\u00f3venes y adultos le ayudar\u00e1 a dar ese impulso que necesitan en poco tiempo. Ponemos a su disposici\u00f3n una oferta\u00a0educativa y formativa\u00a0que se ajustar\u00e1 a cualquier necesidad de aprendizaje de ingl\u00e9s.<\/p>\n<p style=\"text-align: justify;\">Intentamos que el estudiante\u00a0pueda hablar\u00a0ingl\u00e9s desde el primer d\u00eda, disfrutando de ese aprendizaje,\u00a0el alumno perder\u00e1\u00a0el temor a practicar esta lengua en poco tiempo. La motivaci\u00f3n es esencial en nuestro proceso de ense\u00f1anza.<\/p>\n<p style=\"text-align: justify;\">Adem\u00e1s, en nuestra escuela podr\u00e1s aprovechar la ventaja de tener un <strong>maestro<\/strong>&#8211;<strong>profesor titulado biling\u00fce ingl\u00e9s-espa\u00f1ol en Badajoz<\/strong>. De esta manera, el alumno tendr\u00e1 una experiencia de primera mano de una persona que ha pasado por lo mismo que \u00e9l, que entienda d\u00f3nde est\u00e1 y qu\u00e9 errores puede cometer.<\/p>\n<p>Seg\u00fan tu necesidad podemos ofrecerte:<\/p>\n<ul>\n<li><strong>Cursos trimestrales.<\/strong><\/li>\n<li><strong>Cursos intensivos.<a href=\"https:\/\/tiasuca.com\/?attachment_id=876\" rel=\"attachment wp-att-876\"><img loading=\"lazy\" class=\"wp-image-876 alignright\" src=\"https:\/\/tiasuca.com\/wp-content\/uploads\/2020\/08\/20200805_124950-scaled.jpg\" alt=\"\" width=\"266\" height=\"150\" srcset=\"https:\/\/tiasuca.com\/wp-content\/uploads\/2020\/08\/20200805_124950-scaled.jpg 2560w, https:\/\/tiasuca.com\/wp-content\/uploads\/2020\/08\/20200805_124950-300x169.jpg 300w, https:\/\/tiasuca.com\/wp-content\/uploads\/2020\/08\/20200805_124950-1024x576.jpg 1024w, https:\/\/tiasuca.com\/wp-content\/uploads\/2020\/08\/20200805_124950-768x432.jpg 768w, https:\/\/tiasuca.com\/wp-content\/uploads\/2020\/08\/20200805_124950-1536x864.jpg 1536w, https:\/\/tiasuca.com\/wp-content\/uploads\/2020\/08\/20200805_124950-2048x1152.jpg 2048w\" sizes=\"(max-width: 266px) 100vw, 266px\" \/><\/a><\/strong><\/li>\n<li><strong>Cursos individuales.<\/strong><\/li>\n<li><strong>Clases de ingl\u00e9s para estudiantes de primaria, secundaria, bachillerato y universidad.<\/strong><\/li>\n<li><strong>Clases apoyo ex\u00e1menes oficiales y oposiciones.<\/strong><\/li>\n<li><strong>Clases a adultos y jubilados.<\/strong><\/li>\n<li><strong>Clases de ingl\u00e9s a desempleados.<\/strong><\/li>\n<li><strong>Clases de ingl\u00e9s a profesionales.<\/strong><\/li>\n<\/ul>\n<p><strong>Horarios Ma\u00f1ana<\/strong>:<\/p>\n<ul>\n<li><span style=\"line-height: 13px;\">de lunes a viernes de\u00a09:00 a 14:00.<\/span><\/li>\n<\/ul>\n<p><strong>Horarios Tarde<\/strong>:<\/p>\n<ul>\n<li><span style=\"line-height: 13px;\">de lunes a viernes de 16:00 a 20:00<\/span><\/li>\n<\/ul>\n<p style=\"text-align: justify;\">Si estos horarios no se ajustan a sus necesidades de aprendizaje de ingl\u00e9s, puede consultarnos sin ning\u00fan compromiso y le haremos una propuesta a sus necesidades. Podemos estudiar la posibilidad de <strong>desplazarnos a su domicilio o centro de trabajo (home teaching)<\/strong>\u00a0para impartir los cursos (grupo e individual) y facilitar su aprendizaje.<\/p>\n<p>Telf: 678 475 184<br \/>\nCorreo electr\u00f3nico:\u00a0<a href=\"mailto:chico@tiasuca.com\">chico@tiasuca.com<\/a> <a href=\"mailto:info@tiasuca.com\">info@tiasuca.com<\/a><\/p>\n","protected":false},"excerpt":{"rendered":"<p>En tiasuca podr\u00e1 aprender ingl\u00e9s en Badajoz por medio de nuestros cursos de ingl\u00e9s. Nuestra orientaci\u00f3n de los cursos de ingl\u00e9s hacia ni\u00f1os, j\u00f3venes y adultos le ayudar\u00e1 a dar ese impulso que necesitan en poco tiempo. Ponemos a su disposici\u00f3n una oferta\u00a0educativa y formativa\u00a0que se ajustar\u00e1 a cualquier necesidad de aprendizaje de ingl\u00e9s. Intentamos [&#8230;]<\/p>\n","protected":false},"author":1,"featured_media":0,"parent":0,"menu_order":1,"comment_status":"closed","ping_status":"closed","template":"","meta":[],"_links":{"self":[{"href":"https:\/\/tiasuca.com\/index.php?rest_route=\/wp\/v2\/pages\/48"}],"collection":[{"href":"https:\/\/tiasuca.com\/index.php?rest_route=\/wp\/v2\/pages"}],"about":[{"href":"https:\/\/tiasuca.com\/index.php?rest_route=\/wp\/v2\/types\/page"}],"author":[{"embeddable":true,"href":"https:\/\/tiasuca.com\/index.php?rest_route=\/wp\/v2\/users\/1"}],"replies":[{"embeddable":true,"href":"https:\/\/tiasuca.com\/index.php?rest_route=%2Fwp%2Fv2%2Fcomments&post=48"}],"version-history":[{"count":72,"href":"https:\/\/tiasuca.com\/index.php?rest_route=\/wp\/v2\/pages\/48\/revisions"}],"predecessor-version":[{"id":1017,"href":"https:\/\/tiasuca.com\/index.php?rest_route=\/wp\/v2\/pages\/48\/revisions\/1017"}],"wp:attachment":[{"href":"https:\/\/tiasuca.com\/index.php?rest_route=%2Fwp%2Fv2%2Fmedia&parent=48"}],"curies":[{"name":"wp","href":"https:\/\/api.w.org\/{rel}","templated":true}]}}