{"id":439,"date":"2016-04-21T15:39:48","date_gmt":"2016-04-21T15:39:48","guid":{"rendered":"https:\/\/tiasuca.com\/?page_id=439"},"modified":"2016-04-26T11:15:10","modified_gmt":"2016-04-26T11:15:10","slug":"ingles-para-jubilados","status":"publish","type":"page","link":"https:\/\/tiasuca.com\/?page_id=439","title":{"rendered":"INGL\u00c9S PARA JUBILADOS"},"content":{"rendered":"<p>Disponemos de cursos de ingl\u00e9s para jubilados y personas mayores en Badajoz. Cursos divertidos y did\u00e1cticos para potenciar las destrezas comunicativas y auditivas para aprovechar parte del tiempo libre. Por eso, pensamos que nada mejor que el ingl\u00e9s para desarrollar y conservar nuestro conocimiento y, \u00a0al mismo tiempo,\u00a0utilizarlo para otras muchas cosas relacionadas con el tiempo libre: viajar, leer, ver pel\u00edculas o conocer gente.<\/p>\n<p>Estudiar idiomas es un deporte para nuestra mente,\u00a0<strong>requiere concentraci\u00f3n, se trabaja la agilidad mental y la l\u00f3gica de comparar dos idiomas.\u00a0Aprender ingl\u00e9s, y sobre todo con un m\u00e9todo de conversaci\u00f3n<strong>, siempre es muy gratificante y\u00a0notamos los efectos desde la primera clase.<\/strong><\/strong><\/p>\n<p><strong>Horarios Ma\u00f1ana<\/strong>:<\/p>\n<ul>\n<li>de Lunes a Viernes de\u00a09:00 a 14:00.<\/li>\n<\/ul>\n<p><strong>Horarios Tarde<\/strong>:<\/p>\n<ul>\n<li>de Lunes a Viernes de 16:00 a 20:00<\/li>\n<\/ul>\n<p>Si estos horarios no se ajustan a sus necesidades de aprendizaje de ingl\u00e9s, puede consultarnos sin ning\u00fan compromiso y le haremos una propuesta a sus necesidades.<\/p>\n<p>Impartimos nuestras clases de ingl\u00e9s en nuestra escuela\u00a0de Badajoz situada en la calle Zurbar\u00e1n n\u00ba5-1\u00baD \u2013 C\u00f3digo Postal 06002.<br \/>\nTelf: 678 475 184<br \/>\nCorreo electr\u00f3nico:\u00a0<a href=\"mailto:chico@tiasuca.com\">chico@tiasuca.com<\/a> <a href=\"mailto:info@tiasuca.com\">info@tiasuca.com<\/a><\/p>\n","protected":false},"excerpt":{"rendered":"<p>Disponemos de cursos de ingl\u00e9s para jubilados y personas mayores en Badajoz. Cursos divertidos y did\u00e1cticos para potenciar las destrezas comunicativas y auditivas para aprovechar parte del tiempo libre. Por eso, pensamos que nada mejor que el ingl\u00e9s para desarrollar y conservar nuestro conocimiento y, \u00a0al mismo tiempo,\u00a0utilizarlo para otras muchas cosas relacionadas con el [&#8230;]<\/p>\n","protected":false},"author":1,"featured_media":0,"parent":0,"menu_order":8,"comment_status":"closed","ping_status":"closed","template":"","meta":[],"_links":{"self":[{"href":"https:\/\/tiasuca.com\/index.php?rest_route=\/wp\/v2\/pages\/439"}],"collection":[{"href":"https:\/\/tiasuca.com\/index.php?rest_route=\/wp\/v2\/pages"}],"about":[{"href":"https:\/\/tiasuca.com\/index.php?rest_route=\/wp\/v2\/types\/page"}],"author":[{"embeddable":true,"href":"https:\/\/tiasuca.com\/index.php?rest_route=\/wp\/v2\/users\/1"}],"replies":[{"embeddable":true,"href":"https:\/\/tiasuca.com\/index.php?rest_route=%2Fwp%2Fv2%2Fcomments&post=439"}],"version-history":[{"count":7,"href":"https:\/\/tiasuca.com\/index.php?rest_route=\/wp\/v2\/pages\/439\/revisions"}],"predecessor-version":[{"id":457,"href":"https:\/\/tiasuca.com\/index.php?rest_route=\/wp\/v2\/pages\/439\/revisions\/457"}],"wp:attachment":[{"href":"https:\/\/tiasuca.com\/index.php?rest_route=%2Fwp%2Fv2%2Fmedia&parent=439"}],"curies":[{"name":"wp","href":"https:\/\/api.w.org\/{rel}","templated":true}]}}