{"id":14,"date":"2012-12-28T18:29:27","date_gmt":"2012-12-28T18:29:27","guid":{"rendered":"https:\/\/tiasuca.com\/?page_id=14"},"modified":"2024-03-24T13:05:19","modified_gmt":"2024-03-24T13:05:19","slug":"localizacion","status":"publish","type":"page","link":"https:\/\/tiasuca.com\/?page_id=14","title":{"rendered":"Situaci\u00f3n-Contacto"},"content":{"rendered":"<p>Impartimos nuestras clases de ingl\u00e9s y espa\u00f1ol para extranjeros en nuestra escuela\u00a0de Badajoz situada en la calle Zurbar\u00e1n n\u00ba5-1\u00baD \u2013 C\u00f3digo Postal 06002.<br \/>\nTelf: 678 475 184<br \/>\nCorreo electr\u00f3nico:\u00a0<a href=\"mailto:chico@tiasuca.com\">chico@tiasuca.com<\/a> <a href=\"mailto:info@tiasuca.com\">info@tiasuca.com<\/a><\/p>\n<p style=\"text-align: center;\"><img loading=\"lazy\" class=\"aligncenter wp-image-15\" title=\"Localizacion tiasuca - Servicios educativos. Clases de Ingl\u00e9s y Traducciones en Badajoz\" src=\"https:\/\/tiasuca.com\/wp-content\/uploads\/2012\/12\/Localizacion.jpg\" alt=\"Localizacion tiasuca - Servicios educativos. Clases de Ingl\u00e9s y Traducciones en Badajoz\" width=\"493\" height=\"384\" srcset=\"https:\/\/tiasuca.com\/wp-content\/uploads\/2012\/12\/Localizacion.jpg 430w, https:\/\/tiasuca.com\/wp-content\/uploads\/2012\/12\/Localizacion-300x233.jpg 300w\" sizes=\"(max-width: 493px) 100vw, 493px\" \/><\/p>\n","protected":false},"excerpt":{"rendered":"<p>Impartimos nuestras clases de ingl\u00e9s y espa\u00f1ol para extranjeros en nuestra escuela\u00a0de Badajoz situada en la calle Zurbar\u00e1n n\u00ba5-1\u00baD \u2013 C\u00f3digo Postal 06002. Telf: 678 475 184 Correo electr\u00f3nico:\u00a0chico@tiasuca.com info@tiasuca.com<\/p>\n","protected":false},"author":1,"featured_media":0,"parent":0,"menu_order":4,"comment_status":"closed","ping_status":"open","template":"","meta":[],"_links":{"self":[{"href":"https:\/\/tiasuca.com\/index.php?rest_route=\/wp\/v2\/pages\/14"}],"collection":[{"href":"https:\/\/tiasuca.com\/index.php?rest_route=\/wp\/v2\/pages"}],"about":[{"href":"https:\/\/tiasuca.com\/index.php?rest_route=\/wp\/v2\/types\/page"}],"author":[{"embeddable":true,"href":"https:\/\/tiasuca.com\/index.php?rest_route=\/wp\/v2\/users\/1"}],"replies":[{"embeddable":true,"href":"https:\/\/tiasuca.com\/index.php?rest_route=%2Fwp%2Fv2%2Fcomments&post=14"}],"version-history":[{"count":18,"href":"https:\/\/tiasuca.com\/index.php?rest_route=\/wp\/v2\/pages\/14\/revisions"}],"predecessor-version":[{"id":1028,"href":"https:\/\/tiasuca.com\/index.php?rest_route=\/wp\/v2\/pages\/14\/revisions\/1028"}],"wp:attachment":[{"href":"https:\/\/tiasuca.com\/index.php?rest_route=%2Fwp%2Fv2%2Fmedia&parent=14"}],"curies":[{"name":"wp","href":"https:\/\/api.w.org\/{rel}","templated":true}]}}