{"id":10,"date":"2012-12-28T18:05:15","date_gmt":"2012-12-28T18:05:15","guid":{"rendered":"https:\/\/tiasuca.com\/?page_id=10"},"modified":"2025-11-21T08:17:04","modified_gmt":"2025-11-21T08:17:04","slug":"acerca-de-tiasuca","status":"publish","type":"page","link":"https:\/\/tiasuca.com\/?page_id=10","title":{"rendered":"Tiasuca"},"content":{"rendered":"<p style=\"text-align: justify;\"><em><span style=\"color: #008000;\"><strong>tiasuca<\/strong> <\/span><\/em>es una escuela dedicada a la ense\u00f1anza de idiomas mediante un m\u00e9todo sencillo y cercano\u00a0con el cual el alumno\u00a0podr\u00e1\u00a0practicar ingl\u00e9s y espa\u00f1ol\u00a0desde el primer d\u00eda. Nuestro primer objetivo es quitar el\u00a0temor inicial a la hora de hablar una lengua y potenciar todos los aspectos positivos del alumno para ganar confianza y autoestima. Todo se puede conseguir\u00a0con una buena actitud y trabajo.<\/p>\n<p style=\"text-align: justify;\">Pensamos que los estudiantes deben aprender a buscar el conocimiento y, con inteligencia y tes\u00f3n, puedan enriquecerlo y superarlo. As\u00ed, a trav\u00e9s del conocimiento y la raz\u00f3n, progresar en el plano personal, social y laboral. Perseguimos la utop\u00eda de un mundo mejor a trav\u00e9s de la educaci\u00f3n y las virtudes del ser humano.<\/p>\n<p style=\"text-align: justify;\">Nuestra escuela comenz\u00f3 a dar servicios en el a\u00f1o 2008 en Badajoz donde disponemos de un espacio para la formaci\u00f3n.<\/p>\n<p>&nbsp;<\/p>\n<p style=\"text-align: center;\"><a href=\"https:\/\/tiasuca.com\/?attachment_id=583\" rel=\"attachment wp-att-583\"><img loading=\"lazy\" class=\"wp-image-11 alignleft\" title=\"Tiasuca - Servicios educativos. Clases de Ingl\u00e9s y Traducciones en Badajoz\" src=\"https:\/\/tiasuca.com\/wp-content\/uploads\/2012\/12\/tia_suca_logo1-e1488965538995-274x300.jpg\" alt=\"Tiasuca - Servicios educativos. Clases de Ingl\u00e9s y Traducciones en Badajoz\" width=\"211\" height=\"231\" srcset=\"https:\/\/tiasuca.com\/wp-content\/uploads\/2012\/12\/tia_suca_logo1-e1488965538995-274x300.jpg 274w, https:\/\/tiasuca.com\/wp-content\/uploads\/2012\/12\/tia_suca_logo1-e1488965538995.jpg 320w\" sizes=\"(max-width: 211px) 100vw, 211px\" \/><br \/>\n<img loading=\"lazy\" class=\"wp-image-583 alignright\" src=\"https:\/\/tiasuca.com\/wp-content\/uploads\/2017\/03\/mar\u00eda-dibujo.jpeg\" alt=\"mar\u00eda dibujo\" width=\"244\" height=\"177\" srcset=\"https:\/\/tiasuca.com\/wp-content\/uploads\/2017\/03\/mar\u00eda-dibujo.jpeg 2338w, https:\/\/tiasuca.com\/wp-content\/uploads\/2017\/03\/mar\u00eda-dibujo-300x218.jpeg 300w, https:\/\/tiasuca.com\/wp-content\/uploads\/2017\/03\/mar\u00eda-dibujo-768x558.jpeg 768w, https:\/\/tiasuca.com\/wp-content\/uploads\/2017\/03\/mar\u00eda-dibujo-1024x745.jpeg 1024w\" sizes=\"(max-width: 244px) 100vw, 244px\" \/><\/a><\/p>\n","protected":false},"excerpt":{"rendered":"<p>tiasuca es una escuela dedicada a la ense\u00f1anza de idiomas mediante un m\u00e9todo sencillo y cercano\u00a0con el cual el alumno\u00a0podr\u00e1\u00a0practicar ingl\u00e9s y espa\u00f1ol\u00a0desde el primer d\u00eda. Nuestro primer objetivo es quitar el\u00a0temor inicial a la hora de hablar una lengua y potenciar todos los aspectos positivos del alumno para ganar confianza y autoestima. Todo se [&#8230;]<\/p>\n","protected":false},"author":1,"featured_media":0,"parent":0,"menu_order":5,"comment_status":"closed","ping_status":"closed","template":"","meta":[],"_links":{"self":[{"href":"https:\/\/tiasuca.com\/index.php?rest_route=\/wp\/v2\/pages\/10"}],"collection":[{"href":"https:\/\/tiasuca.com\/index.php?rest_route=\/wp\/v2\/pages"}],"about":[{"href":"https:\/\/tiasuca.com\/index.php?rest_route=\/wp\/v2\/types\/page"}],"author":[{"embeddable":true,"href":"https:\/\/tiasuca.com\/index.php?rest_route=\/wp\/v2\/users\/1"}],"replies":[{"embeddable":true,"href":"https:\/\/tiasuca.com\/index.php?rest_route=%2Fwp%2Fv2%2Fcomments&post=10"}],"version-history":[{"count":36,"href":"https:\/\/tiasuca.com\/index.php?rest_route=\/wp\/v2\/pages\/10\/revisions"}],"predecessor-version":[{"id":1058,"href":"https:\/\/tiasuca.com\/index.php?rest_route=\/wp\/v2\/pages\/10\/revisions\/1058"}],"wp:attachment":[{"href":"https:\/\/tiasuca.com\/index.php?rest_route=%2Fwp%2Fv2%2Fmedia&parent=10"}],"curies":[{"name":"wp","href":"https:\/\/api.w.org\/{rel}","templated":true}]}}